{"id":62,"date":"2024-09-26T12:07:02","date_gmt":"2024-09-26T12:07:02","guid":{"rendered":"https:\/\/dev.internetmarketingchandigarh.com\/staffan\/?post_type=product&#038;p=62"},"modified":"2024-10-22T10:46:40","modified_gmt":"2024-10-22T10:46:40","slug":"hardgipsskuv-for-tra-stal","status":"publish","type":"product","link":"https:\/\/designingprojectmanagement.com\/staffan\/product\/hardgipsskuv-for-tra-stal\/","title":{"rendered":"H\u00e5rdgipsskuv f\u00f6r Tr\u00e4\/St\u00e5l"},"content":{"rendered":"<p>EX`HGPS 4,2&#215;32, max borrkap i st\u00e5l = 1.0 mm<\/p>\n<p>Till\u00e4gg vid lackering &lt; 2,000 skruv = 350 SEK.<\/p>\n<p>Priserna \u00e4r ex works Karlskoga.<\/p>\n<p>Lev tid: ca 14 dgr, f\u00f6r lackering 21 dagar, eller enligt \u00f6k.<\/p>\n<p>EX`Corona f\u00f6r st\u00e5lregel upp till 4,0 mm. Den effektiva l\u00e4ngden = tjocklek p\u00e5 platta + tjocklek p\u00e5 st\u00e5lregel.<\/p>\n<p>EX`ETH 10443TCL \u00e4r f\u00f6retr\u00e4delsevis f\u00f6r tr\u00e4.<\/p>\n<p>Normalt sett vill man dock ha ett st\u00f6rre h\u00e5l i plattan n\u00e4r man s\u00e4tter skruven i tr\u00e4 s\u00e5 att skruven kan r\u00f6ra sig n\u00e4r luftfuktigheten i tr\u00e4et varierar.<\/p>\n<p>EX\u00b4ETH 15711L har vingar f\u00f6r att g\u00f6ra detta, vilken s\u00e5ledes rekommenderas f\u00f6r utv\u00e4ndiga fasadskivor vid tr\u00e4 inf\u00e4stning.<\/p>\n<p>Mer info p\u00e5 ASTON Sweden<\/p>\n<p>F\u00f6ljande f\u00e4rger f\u00f6resl\u00e5s f\u00f6r EX`NATURAL inf\u00e4stning:<\/p>\n<p>RED = RAL 3012<\/p>\n<p>YELLOW = RAL 1002<\/p>\n<p>ANTRACIT DARKGREY = RAL 7046<\/p>\n<p>GRAFITGR\u00c5, LIGHT GREY = RAL 7037<\/p>\n<p>NATURGRANIT = RAL 1012<\/p>\n<p>WHITE = RAL 9010<\/p>\n<p>Observera att f\u00e4rgerna \u00e4r en rekommendation. F\u00e4rgen b\u00f6r kontrolleras f\u00f6r varje specifikt projekt av kund.<\/p>\n","protected":false},"excerpt":{"rendered":"<p>EX`HGPS 4,2&#215;32, max borrkap i st\u00e5l = 1.0 mm Till\u00e4gg vid lackering &lt; 2,000 skruv = 350 SEK. Priserna \u00e4r ex works Karlskoga. Lev tid: ca 14 dgr, f\u00f6r lackering 21 dagar, eller enligt \u00f6k. EX`Corona f\u00f6r st\u00e5lregel upp till 4,0 mm. Den effektiva l\u00e4ngden = tjocklek p\u00e5 platta + tjocklek p\u00e5 st\u00e5lregel. EX`ETH 10443TCL [&hellip;]<\/p>\n","protected":false},"featured_media":0,"comment_status":"open","ping_status":"closed","template":"","meta":{"_acf_changed":false},"product_brand":[],"product_cat":[15],"product_tag":[],"class_list":{"0":"post-62","1":"product","2":"type-product","3":"status-publish","5":"product_cat-uncategorized","7":"first","8":"instock","9":"taxable","10":"shipping-taxable","11":"purchasable","12":"product-type-simple"},"acf":[],"_links":{"self":[{"href":"https:\/\/designingprojectmanagement.com\/staffan\/wp-json\/wp\/v2\/product\/62","targetHints":{"allow":["GET"]}}],"collection":[{"href":"https:\/\/designingprojectmanagement.com\/staffan\/wp-json\/wp\/v2\/product"}],"about":[{"href":"https:\/\/designingprojectmanagement.com\/staffan\/wp-json\/wp\/v2\/types\/product"}],"replies":[{"embeddable":true,"href":"https:\/\/designingprojectmanagement.com\/staffan\/wp-json\/wp\/v2\/comments?post=62"}],"wp:attachment":[{"href":"https:\/\/designingprojectmanagement.com\/staffan\/wp-json\/wp\/v2\/media?parent=62"}],"wp:term":[{"taxonomy":"product_brand","embeddable":true,"href":"https:\/\/designingprojectmanagement.com\/staffan\/wp-json\/wp\/v2\/product_brand?post=62"},{"taxonomy":"product_cat","embeddable":true,"href":"https:\/\/designingprojectmanagement.com\/staffan\/wp-json\/wp\/v2\/product_cat?post=62"},{"taxonomy":"product_tag","embeddable":true,"href":"https:\/\/designingprojectmanagement.com\/staffan\/wp-json\/wp\/v2\/product_tag?post=62"}],"curies":[{"name":"wp","href":"https:\/\/api.w.org\/{rel}","templated":true}]}}