{"id":61,"date":"2024-09-26T12:07:02","date_gmt":"2024-09-26T12:07:02","guid":{"rendered":"https:\/\/dev.internetmarketingchandigarh.com\/staffan\/?post_type=product&#038;p=61"},"modified":"2024-10-22T10:50:56","modified_gmt":"2024-10-22T10:50:56","slug":"rostfri-fasadskruv-2","status":"publish","type":"product","link":"https:\/\/designingprojectmanagement.com\/staffan\/product\/rostfri-fasadskruv-2\/","title":{"rendered":"Rostfri fasadskruv"},"content":{"rendered":"<p>EX`ETX MH RX 5,0 X 36 TX20 W, Lackerad<\/p>\n<p>Till\u00e4gg vid lackering < 2,000 skruv = 350 SEK.\n\nPriserna \u00e4r ex works Karlskoga. \n\nLev tid: ca 14 dgr, f\u00f6r lackering 21 dagar, eller enligt \u00f6k.\n\nEX`Corona f\u00f6r st\u00e5lregel upp till 4,0 mm. Den effektiva l\u00e4ngden =  tjocklek p\u00e5 platta + tjocklek p\u00e5 st\u00e5lregel.\n\nEX`ETH 10443TCL \u00e4r f\u00f6retr\u00e4delsevis f\u00f6r tr\u00e4.\n\nNormalt sett vill man dock ha ett st\u00f6rre h\u00e5l i plattan n\u00e4r man s\u00e4tter skruven i tr\u00e4 s\u00e5 att skruven kan r\u00f6ra sig n\u00e4r luftfuktigheten i tr\u00e4et varierar.\n\nEX\u00b4ETH 15711L har vingar f\u00f6r att g\u00f6ra detta, vilken s\u00e5ledes rekommenderas f\u00f6r utv\u00e4ndiga fasadskivor vid tr\u00e4 inf\u00e4stning.\n\nMer info p\u00e5 ASTON Sweden\n\nF\u00f6ljande f\u00e4rger f\u00f6resl\u00e5s f\u00f6r EX`NATURAL inf\u00e4stning:\n\nRED                                                   = RAL 3012\n\nYELLOW                                          = RAL 1002\n\nANTRACIT DARKGREY               = RAL 7046\n\nGRAFITGR\u00c5, LIGHT GREY         = RAL 7037\n\nNATURGRANIT                            = RAL 1012\n\nWHITE                                             = RAL 9010\n\nObservera att f\u00e4rgerna \u00e4r en rekommendation. F\u00e4rgen b\u00f6r kontrolleras f\u00f6r varje specifikt projekt av kund.\n<\/p>\n","protected":false},"excerpt":{"rendered":"<p>EX`ETX MH RX 5,0 X 36 TX20 W, Lackerad Till\u00e4gg vid lackering < 2,000 skruv = 350 SEK. Priserna \u00e4r ex works Karlskoga. Lev tid: ca 14 dgr, f\u00f6r lackering 21 dagar, eller enligt \u00f6k. EX`Corona f\u00f6r st\u00e5lregel upp till 4,0 mm. Den effektiva l\u00e4ngden = tjocklek p\u00e5 platta + tjocklek p\u00e5 st\u00e5lregel. EX`ETH 10443TCL [&hellip;]\n<\/p>\n","protected":false},"featured_media":0,"comment_status":"open","ping_status":"closed","template":"","meta":{"_acf_changed":false},"product_brand":[],"product_cat":[29],"product_tag":[],"class_list":{"0":"post-61","1":"product","2":"type-product","3":"status-publish","5":"product_cat-accessories","7":"first","8":"instock","9":"taxable","10":"shipping-taxable","11":"purchasable","12":"product-type-simple"},"acf":[],"_links":{"self":[{"href":"https:\/\/designingprojectmanagement.com\/staffan\/wp-json\/wp\/v2\/product\/61","targetHints":{"allow":["GET"]}}],"collection":[{"href":"https:\/\/designingprojectmanagement.com\/staffan\/wp-json\/wp\/v2\/product"}],"about":[{"href":"https:\/\/designingprojectmanagement.com\/staffan\/wp-json\/wp\/v2\/types\/product"}],"replies":[{"embeddable":true,"href":"https:\/\/designingprojectmanagement.com\/staffan\/wp-json\/wp\/v2\/comments?post=61"}],"wp:attachment":[{"href":"https:\/\/designingprojectmanagement.com\/staffan\/wp-json\/wp\/v2\/media?parent=61"}],"wp:term":[{"taxonomy":"product_brand","embeddable":true,"href":"https:\/\/designingprojectmanagement.com\/staffan\/wp-json\/wp\/v2\/product_brand?post=61"},{"taxonomy":"product_cat","embeddable":true,"href":"https:\/\/designingprojectmanagement.com\/staffan\/wp-json\/wp\/v2\/product_cat?post=61"},{"taxonomy":"product_tag","embeddable":true,"href":"https:\/\/designingprojectmanagement.com\/staffan\/wp-json\/wp\/v2\/product_tag?post=61"}],"curies":[{"name":"wp","href":"https:\/\/api.w.org\/{rel}","templated":true}]}}