{"id":58,"date":"2024-09-26T12:07:01","date_gmt":"2024-09-26T12:07:01","guid":{"rendered":"https:\/\/dev.internetmarketingchandigarh.com\/staffan\/?post_type=product&#038;p=58"},"modified":"2024-10-22T11:28:04","modified_gmt":"2024-10-22T11:28:04","slug":"bi-metall-borrskruv","status":"publish","type":"product","link":"https:\/\/designingprojectmanagement.com\/staffan\/product\/bi-metall-borrskruv\/","title":{"rendered":"Bi-Metall Borrskruv"},"content":{"rendered":"<p>EX`CORONA RXB 5,5&#215;42#2P+ TX20 EPDM-9,5B, Lackerad<\/p>\n<p>Till\u00e4gg vid lackering &lt; 2,000 skruv = 350 SEK.<\/p>\n<p>Priserna \u00e4r ex works Karlskoga.<\/p>\n<p>Lev tid: ca 14 dgr, f\u00f6r lackering 21 dagar, eller enligt \u00f6k.<\/p>\n<p>EX`Corona f\u00f6r st\u00e5lregel upp till 4,0 mm. Den effektiva l\u00e4ngden = tjocklek p\u00e5 platta + tjocklek p\u00e5 st\u00e5lregel.<\/p>\n<p>EX`ETH 10443TCL \u00e4r f\u00f6retr\u00e4delsevis f\u00f6r tr\u00e4.<\/p>\n<p>Normalt sett vill man dock ha ett st\u00f6rre h\u00e5l i plattan n\u00e4r man s\u00e4tter skruven i tr\u00e4 s\u00e5 att skruven kan r\u00f6ra sig n\u00e4r luftfuktigheten i tr\u00e4et varierar.<\/p>\n<p>EX\u00b4ETH 15711L har vingar f\u00f6r att g\u00f6ra detta, vilken s\u00e5ledes rekommenderas f\u00f6r utv\u00e4ndiga fasadskivor vid tr\u00e4 inf\u00e4stning.<\/p>\n<p>Mer info p\u00e5 ASTON Sweden<\/p>\n<p>F\u00f6ljande f\u00e4rger f\u00f6resl\u00e5s f\u00f6r EX`NATURAL inf\u00e4stning:<\/p>\n<p>RED = RAL 3012<\/p>\n<p>YELLOW = RAL 1002<\/p>\n<p>ANTRACIT DARKGREY = RAL 7046<\/p>\n<p>GRAFITGR\u00c5, LIGHT GREY = RAL 7037<\/p>\n<p>NATURGRANIT = RAL 1012<\/p>\n<p>WHITE = RAL 9010<\/p>\n<p>Observera att f\u00e4rgerna \u00e4r en rekommendation. F\u00e4rgen b\u00f6r kontrolleras f\u00f6r varje specifikt projekt av kund.<\/p>\n","protected":false},"excerpt":{"rendered":"<p>EX`CORONA RXB 5,5&#215;42#2P+ TX20 EPDM-9,5B, Lackerad Till\u00e4gg vid lackering &lt; 2,000 skruv = 350 SEK. Priserna \u00e4r ex works Karlskoga. Lev tid: ca 14 dgr, f\u00f6r lackering 21 dagar, eller enligt \u00f6k. EX`Corona f\u00f6r st\u00e5lregel upp till 4,0 mm. Den effektiva l\u00e4ngden = tjocklek p\u00e5 platta + tjocklek p\u00e5 st\u00e5lregel. EX`ETH 10443TCL \u00e4r f\u00f6retr\u00e4delsevis f\u00f6r [&hellip;]<\/p>\n","protected":false},"featured_media":0,"comment_status":"open","ping_status":"closed","template":"","meta":{"_acf_changed":false},"product_brand":[],"product_cat":[29],"product_tag":[],"class_list":{"0":"post-58","1":"product","2":"type-product","3":"status-publish","5":"product_cat-accessories","7":"first","8":"outofstock","9":"taxable","10":"shipping-taxable","11":"product-type-variable"},"acf":[],"_links":{"self":[{"href":"https:\/\/designingprojectmanagement.com\/staffan\/wp-json\/wp\/v2\/product\/58","targetHints":{"allow":["GET"]}}],"collection":[{"href":"https:\/\/designingprojectmanagement.com\/staffan\/wp-json\/wp\/v2\/product"}],"about":[{"href":"https:\/\/designingprojectmanagement.com\/staffan\/wp-json\/wp\/v2\/types\/product"}],"replies":[{"embeddable":true,"href":"https:\/\/designingprojectmanagement.com\/staffan\/wp-json\/wp\/v2\/comments?post=58"}],"wp:attachment":[{"href":"https:\/\/designingprojectmanagement.com\/staffan\/wp-json\/wp\/v2\/media?parent=58"}],"wp:term":[{"taxonomy":"product_brand","embeddable":true,"href":"https:\/\/designingprojectmanagement.com\/staffan\/wp-json\/wp\/v2\/product_brand?post=58"},{"taxonomy":"product_cat","embeddable":true,"href":"https:\/\/designingprojectmanagement.com\/staffan\/wp-json\/wp\/v2\/product_cat?post=58"},{"taxonomy":"product_tag","embeddable":true,"href":"https:\/\/designingprojectmanagement.com\/staffan\/wp-json\/wp\/v2\/product_tag?post=58"}],"curies":[{"name":"wp","href":"https:\/\/api.w.org\/{rel}","templated":true}]}}