{"id":54,"date":"2024-09-26T12:07:01","date_gmt":"2024-09-26T12:07:01","guid":{"rendered":"https:\/\/dev.internetmarketingchandigarh.com\/staffan\/?post_type=product&#038;p=54"},"modified":"2024-09-26T12:10:31","modified_gmt":"2024-09-26T12:10:31","slug":"wekla-natural","status":"publish","type":"product","link":"https:\/\/designingprojectmanagement.com\/staffan\/product\/wekla-natural\/","title":{"rendered":"Wekla Natural"},"content":{"rendered":"<p>[vc_section][vc_row el_class=&#8221;container&#8221; css=&#8221;.vc_custom_1581498405391{padding-bottom: 50px !important;}&#8221;][vc_column width=&#8221;1\/6&#8243;][\/vc_column][vc_column width=&#8221;2\/3&#8243;][vc_video link=&#8221;https:\/\/youtu.be\/CrKYhSBsMTU&#8221;][\/vc_column][vc_column width=&#8221;1\/6&#8243;][\/vc_column][\/vc_row][\/vc_section][vc_row][vc_column][vc_column_text]<strong>Wekla Natural \u2013 Ett naturligt material f\u00f6r en naturlig milj\u00f6!<\/strong><br \/>\nWekla Natural \u00e4r en genomf\u00e4rgad vattens\u00e4ker fasadskiva som skapar en naturlig och vacker fasad. Skivan \u00e4r formstabil och sj\u00e4lvreng\u00f6rande samtidigt som den ger ett mycket l\u00e5ngvarigt och effektiv skydd mot v\u00e4derp\u00e5verkan. Wekla Natural passar utm\u00e4rkt p\u00e5 de flesta byggnadsutf\u00f6randen, finns i flera olika f\u00e4rgutf\u00f6randen och ytstruktur f\u00f6r arkitektonisk pr\u00e4gel p\u00e5 fasaden med en fr\u00e4sch och naturlig touch.<\/p>\n<ul class=\"project-detail-list\">\n<li><strong class=\"even\">INNEB\u00d6RD:<\/strong>\n<ul class=\"project-detail-list\">\n<li>Milj\u00f6v\u00e4nlig. Slitstark, brand och v\u00e4derbest\u00e4ndig. H\u00f6g kostnadseffektivisering. Arketektoniska m\u00f6jligheter, genomf\u00e4rgad i olika kul\u00f6rer och utseende. Sj\u00e4lvreng\u00f6rande &#8211; minimalt underh\u00e5ll.<\/li>\n<\/ul>\n<\/li>\n<\/ul>\n<ul class=\"project-detail-list\">\n<li><strong class=\"even\">MATERIAL:<\/strong>\n<ul class=\"project-detail-list\">\n<li>Wekla Natural \u00e4r en kalciumsilikatskiva, dvs en extra stark, stabil och milj\u00f6v\u00e4nligare \u00e4n m\u00e5nga andra fasadskivor. Wekla Natural best\u00e5r huvudsakligen av kvarts, kalk, fibrer och andra naturliga mineraler.<\/li>\n<\/ul>\n<\/li>\n<\/ul>\n<ul>\n<li><strong class=\"even\">EGENSKAPER<\/strong><\/li>\n<\/ul>\n<ul class=\"project-detail-list\">\n<li style=\"list-style-type: none;\">\n<ul class=\"project-detail-list\">\n<li>Milj\u00f6v\u00e4nlig, inga farliga kemikalier. Kalciumsilikat &#8211; slitstarkare och mera brandbest\u00e4ndig \u00e4n fibercement. Vattent\u00e4t och fuktbest\u00e4ndig. Goda h\u00e5llfasthetsv\u00e4rden, Slagfast och st\u00f6tt\u00e5lig. God best\u00e4ndighet mot vindlaster. Svamp- och m\u00f6gelresistent. Bra UV-best\u00e4ndighet. Klarar regniga h\u00f6star, kalla vintrar, varma och soliga somrar. Flexibla format. Enkel att applicera. Flera f\u00e4rger och ytstruktur. Ger ett stilrent och naturligt intryck. Sj\u00e4lvreng\u00f6ringsfunktion &#8211; minimalt underh\u00e5ll.<\/li>\n<\/ul>\n<\/li>\n<\/ul>\n<p>[\/vc_column_text][\/vc_column][\/vc_row]<\/p>\n","protected":false},"excerpt":{"rendered":"<div class=\"heading_border\">\n<h2>Features<\/h2>\n<ul>\n<li>Eco-friendly, no hazardous chemicals<\/li>\n<li>Calcium silicate &#8211; more durable and more fire-resistant than fiber cement<\/li>\n<li>Good strength values<\/li>\n<li>impact resistant and shock resistant<\/li>\n<li>Good resistance to wind loads<\/li>\n<li>Mushroom and mold resistant<\/li>\n<li>Good UV resistance<\/li>\n<li>Can handle rainy autumn<\/li>\n<li>Cold winters<\/li>\n<li>hot and sunny summers<\/li>\n<li>Flexible formats<\/li>\n<li>Easy to apply<\/li>\n<li>Several colors and surface texture<\/li>\n<li>Provides a stylish and natural impression<\/li>\n<li>Self-cleaning function<\/li>\n<li>minimal maintenance<\/li>\n<\/ul>\n<\/div>\n","protected":false},"featured_media":163,"comment_status":"open","ping_status":"closed","template":"","meta":{"_acf_changed":false},"product_brand":[],"product_cat":[24,28,26,27],"product_tag":[],"class_list":{"0":"post-54","1":"product","2":"type-product","3":"status-publish","4":"has-post-thumbnail","6":"product_cat-ecoboards","7":"product_cat-ecoboards-exterior","8":"product_cat-fire-ecoboards","9":"product_cat-wekla","11":"first","12":"instock","13":"taxable","14":"shipping-taxable","15":"purchasable","16":"product-type-simple"},"acf":[],"_links":{"self":[{"href":"https:\/\/designingprojectmanagement.com\/staffan\/wp-json\/wp\/v2\/product\/54","targetHints":{"allow":["GET"]}}],"collection":[{"href":"https:\/\/designingprojectmanagement.com\/staffan\/wp-json\/wp\/v2\/product"}],"about":[{"href":"https:\/\/designingprojectmanagement.com\/staffan\/wp-json\/wp\/v2\/types\/product"}],"replies":[{"embeddable":true,"href":"https:\/\/designingprojectmanagement.com\/staffan\/wp-json\/wp\/v2\/comments?post=54"}],"wp:featuredmedia":[{"embeddable":true,"href":"https:\/\/designingprojectmanagement.com\/staffan\/wp-json\/wp\/v2\/media\/163"}],"wp:attachment":[{"href":"https:\/\/designingprojectmanagement.com\/staffan\/wp-json\/wp\/v2\/media?parent=54"}],"wp:term":[{"taxonomy":"product_brand","embeddable":true,"href":"https:\/\/designingprojectmanagement.com\/staffan\/wp-json\/wp\/v2\/product_brand?post=54"},{"taxonomy":"product_cat","embeddable":true,"href":"https:\/\/designingprojectmanagement.com\/staffan\/wp-json\/wp\/v2\/product_cat?post=54"},{"taxonomy":"product_tag","embeddable":true,"href":"https:\/\/designingprojectmanagement.com\/staffan\/wp-json\/wp\/v2\/product_tag?post=54"}],"curies":[{"name":"wp","href":"https:\/\/api.w.org\/{rel}","templated":true}]}}