{"id":41,"date":"2024-09-26T12:06:38","date_gmt":"2024-09-26T12:06:38","guid":{"rendered":"https:\/\/dev.internetmarketingchandigarh.com\/staffan\/?post_type=product&#038;p=41"},"modified":"2024-10-25T10:18:37","modified_gmt":"2024-10-25T10:18:37","slug":"wekla-green-ecoboard","status":"publish","type":"product","link":"https:\/\/designingprojectmanagement.com\/staffan\/product\/wekla-green-ecoboard\/","title":{"rendered":"Wekla Green Ecoboard"},"content":{"rendered":"<p>L\u00e4gre installation och materialkostnader. Snabbare och h\u00e4lsosammare hantering. B\u00e4ttre logistik och mindre avfall. Ekonomisk totall\u00f6sning.<\/p>\n<p>En flerskiva med en speciell sammans\u00e4ttning av fr\u00e4mst milj\u00f6material magnesium som \u00e4r helt \u00e5tervinningsbart.<\/p>\n","protected":false},"excerpt":{"rendered":"<div class=\"heading_border\">\n<h2>Funktioner<\/h2>\n<ul>\n<li>Brandbest\u00e4ndig A1<\/li>\n<li>EI60<\/li>\n<li>Ljudisolerande<\/li>\n<li>Formstabil<\/li>\n<li>Vatten- och fukts\u00e4ker<\/li>\n<li>M\u00f6gelresistent<\/li>\n<li>Resistent mot temperaturf\u00f6r\u00e4ndringar<\/li>\n<li>Arbetsmilj\u00f6v\u00e4nlig<\/li>\n<li>Slag och st\u00f6ts\u00e4ker<\/li>\n<li>Klarar 80 kg i utdragskraft<\/li>\n<li>Bibeh\u00e5ller dess funktionalitet \u00e4ven n\u00e4r de avfuktas<\/li>\n<li>L\u00e5g vikt &#8211; v\u00e4ger och bearbetas som en vanlig gipsskiva<\/li>\n<li>1 skiva ers\u00e4tter 2-3 vanliga byggskivor<\/li>\n<\/ul>\n<\/div>\n","protected":false},"featured_media":155,"comment_status":"open","ping_status":"closed","template":"","meta":{"_acf_changed":false},"product_brand":[],"product_cat":[24,28,25,26,27],"product_tag":[],"class_list":{"0":"post-41","1":"product","2":"type-product","3":"status-publish","4":"has-post-thumbnail","6":"product_cat-ecoboards","7":"product_cat-ecoboards-exterior","8":"product_cat-ecoboards-interior","9":"product_cat-fire-ecoboards","10":"product_cat-wekla","12":"first","13":"outofstock","14":"taxable","15":"shipping-taxable","16":"product-type-simple"},"acf":[],"_links":{"self":[{"href":"https:\/\/designingprojectmanagement.com\/staffan\/wp-json\/wp\/v2\/product\/41","targetHints":{"allow":["GET"]}}],"collection":[{"href":"https:\/\/designingprojectmanagement.com\/staffan\/wp-json\/wp\/v2\/product"}],"about":[{"href":"https:\/\/designingprojectmanagement.com\/staffan\/wp-json\/wp\/v2\/types\/product"}],"replies":[{"embeddable":true,"href":"https:\/\/designingprojectmanagement.com\/staffan\/wp-json\/wp\/v2\/comments?post=41"}],"wp:featuredmedia":[{"embeddable":true,"href":"https:\/\/designingprojectmanagement.com\/staffan\/wp-json\/wp\/v2\/media\/155"}],"wp:attachment":[{"href":"https:\/\/designingprojectmanagement.com\/staffan\/wp-json\/wp\/v2\/media?parent=41"}],"wp:term":[{"taxonomy":"product_brand","embeddable":true,"href":"https:\/\/designingprojectmanagement.com\/staffan\/wp-json\/wp\/v2\/product_brand?post=41"},{"taxonomy":"product_cat","embeddable":true,"href":"https:\/\/designingprojectmanagement.com\/staffan\/wp-json\/wp\/v2\/product_cat?post=41"},{"taxonomy":"product_tag","embeddable":true,"href":"https:\/\/designingprojectmanagement.com\/staffan\/wp-json\/wp\/v2\/product_tag?post=41"}],"curies":[{"name":"wp","href":"https:\/\/api.w.org\/{rel}","templated":true}]}}