{"id":35,"date":"2024-09-26T12:06:37","date_gmt":"2024-09-26T12:06:37","guid":{"rendered":"https:\/\/dev.internetmarketingchandigarh.com\/staffan\/?post_type=product&#038;p=35"},"modified":"2024-10-25T11:32:42","modified_gmt":"2024-10-25T11:32:42","slug":"wekla-hpl","status":"publish","type":"product","link":"https:\/\/designingprojectmanagement.com\/staffan\/product\/wekla-hpl\/","title":{"rendered":"WEKLA HPL"},"content":{"rendered":"<p>Wekla HPL best\u00e5r av en k\u00e4rna av magnesiumoxidskivan GreenEcoboard samt tv\u00e5 t\u00e4tskikt.<\/p>\n<p>Vid lamineringen komprimeras de b\u00e5da lagren av t\u00e4tskikt under h\u00f6gt tryck och temperatur.<\/p>\n<p>Detta skapar ett mycket t\u00e4tt och h\u00e5rt material.<\/p>\n<p>De \u00f6vre skikten \u00e4r s\u00e5 h\u00e5rda och t\u00e4ta att hindrar solljus och fukt att tr\u00e4nga in i<br \/>\nskivan.<\/p>\n<p>&nbsp;<\/p>\n<p>I f\u00f6rsta hand utvecklades Wekla HPL som bekl\u00e4dnadsmaterial f\u00f6r<br \/>\ninomhusbruk i bost\u00e4der och andra byggnader, med h\u00f6ga krav p\u00e5<\/p>\n<ul>\n<li>Brand<\/li>\n<li>Slitage<\/li>\n<li>Hygien<\/li>\n<li>Underh\u00e5llsfritt<\/li>\n<li>Designutf\u00f6rande<\/li>\n<\/ul>\n<p>&nbsp;<\/p>\n<p>Exempel p\u00e5 anv\u00e4ndningsomr\u00e5den<\/p>\n<p>Kontor<\/p>\n<p>Bomoduler<\/p>\n<p>offentliga byggnader typ<\/p>\n<p>sjukhus<\/p>\n<p>skolor<\/p>\n<p>hotell<\/p>\n<p>shopping center<\/p>\n<p>&nbsp;<\/p>\n<p>Effektiv och ekonomisk tillverkning f\u00f6r sandwichelement.<\/p>\n<p>Speciellt d\u00e4r det finns krav p\u00e5 brand och enkel produktion.<\/p>\n<p>&nbsp;<\/p>\n<p>Wekla HPL \u00e4r i stort obr\u00e4nnbar. K\u00e4rnan best\u00e5r av i stort sett obr\u00e4nnbar magnesiumoxid skiva, som i flera brandtest klarat<\/p>\n<p>AI 60 i olika konstruktioner.<\/p>\n<p>A2 klassat ytskikt<\/p>\n<p>&nbsp;<\/p>\n<p>Kul\u00f6rerna \u00e4r i stort sett valfria.<\/p>\n<p>&nbsp;<\/p>\n<p>Storlekar:<\/p>\n<p>1200 * 2400mm<\/p>\n<p>1200 * 2700mm<\/p>\n<p>1200 * 3000mm<\/p>\n<p>och andra mindre storlekar finns tillg\u00e4ngliga efter \u00f6nskem\u00e5l.<\/p>\n<p>Tjockleksm\u00f6jligheter:<\/p>\n<p>4mm-13mm<\/p>\n<p>8 mm \u00e4r standard<\/p>\n","protected":false},"excerpt":{"rendered":"<div class=\"heading_border\">\n<h2>Egenskaper<\/h2>\n<p><span class=\"tlid-translation translation\" lang=\"sv\"><span class=\"\" title=\"\">HPL \u00e4r f\u00f6rkortningen f\u00f6r High Pressure Laminate.<\/span> <span class=\"\" title=\"\">HPL best\u00e5r av flera lager som komprimeras (lamineras) under mycket h\u00f6gt tryck.<\/span> <span class=\"\" title=\"\">Detta skapar ett mycket t\u00e4tt, h\u00e5rt och formstabilt produkt. I kombination med brands\u00e4kra GreenEcoBoard blir det en mycket intrressant produkt f\u00f6r m\u00e5nga \u00e4ndam\u00e5l interi\u00f6rt.<br \/>\n<\/span><\/span><\/p>\n<\/div>\n","protected":false},"featured_media":118,"comment_status":"open","ping_status":"closed","template":"","meta":{"_acf_changed":false},"product_brand":[],"product_cat":[24,25,26,21,27],"product_tag":[],"class_list":{"0":"post-35","1":"product","2":"type-product","3":"status-publish","4":"has-post-thumbnail","6":"product_cat-ecoboards","7":"product_cat-ecoboards-interior","8":"product_cat-fire-ecoboards","9":"product_cat-interior-decoration","10":"product_cat-wekla","12":"first","13":"outofstock","14":"taxable","15":"shipping-taxable","16":"purchasable","17":"product-type-simple"},"acf":[],"_links":{"self":[{"href":"https:\/\/designingprojectmanagement.com\/staffan\/wp-json\/wp\/v2\/product\/35","targetHints":{"allow":["GET"]}}],"collection":[{"href":"https:\/\/designingprojectmanagement.com\/staffan\/wp-json\/wp\/v2\/product"}],"about":[{"href":"https:\/\/designingprojectmanagement.com\/staffan\/wp-json\/wp\/v2\/types\/product"}],"replies":[{"embeddable":true,"href":"https:\/\/designingprojectmanagement.com\/staffan\/wp-json\/wp\/v2\/comments?post=35"}],"wp:featuredmedia":[{"embeddable":true,"href":"https:\/\/designingprojectmanagement.com\/staffan\/wp-json\/wp\/v2\/media\/118"}],"wp:attachment":[{"href":"https:\/\/designingprojectmanagement.com\/staffan\/wp-json\/wp\/v2\/media?parent=35"}],"wp:term":[{"taxonomy":"product_brand","embeddable":true,"href":"https:\/\/designingprojectmanagement.com\/staffan\/wp-json\/wp\/v2\/product_brand?post=35"},{"taxonomy":"product_cat","embeddable":true,"href":"https:\/\/designingprojectmanagement.com\/staffan\/wp-json\/wp\/v2\/product_cat?post=35"},{"taxonomy":"product_tag","embeddable":true,"href":"https:\/\/designingprojectmanagement.com\/staffan\/wp-json\/wp\/v2\/product_tag?post=35"}],"curies":[{"name":"wp","href":"https:\/\/api.w.org\/{rel}","templated":true}]}}