{"id":24,"date":"2024-09-26T12:06:35","date_gmt":"2024-09-26T12:06:35","guid":{"rendered":"https:\/\/dev.internetmarketingchandigarh.com\/staffan\/?post_type=product&#038;p=24"},"modified":"2024-11-04T10:59:54","modified_gmt":"2024-11-04T10:59:54","slug":"bamboo-ultradensity-heavy-duty-flooring","status":"publish","type":"product","link":"https:\/\/designingprojectmanagement.com\/staffan\/product\/bamboo-ultradensity-heavy-duty-flooring\/","title":{"rendered":"Bamboo UltraDensity\u00ae Heavy Duty Flooring"},"content":{"rendered":"<h1 class=\"content-title\"><strong>Bamboo <\/strong> UltraDensity\u00ae<\/h1>\n<h1 class=\"content-title\"><strong>tungt golv anpassat f\u00f6r h\u00f6gtrafikomr\u00e5den<\/strong><\/h1>\n<p>MOSO\u00ae Bamboo UltraDensity\u00ae \u00e4r ett tungt golv anpassat f\u00f6r h\u00f6gtrafikomr\u00e5den. Platser som t\u00e5gstationer, flygplatser, gallerior eller muse\u00e9r kr\u00e4ver specialgolv med exceptionella kvaliteter, testade och certifierade enligt h\u00f6gsta standard. Dessa mycket h\u00f6ga standarder \u00e4r praktiskt taget om\u00f6jliga att uppn\u00e5 med tr\u00e4golv. MOSO\u00ae Bamboo UltraDensity\u00ae kan uppfylla de h\u00f6gsta kraven, vilket g\u00f6r det till en unik produkt f\u00f6r anv\u00e4ndning av biobaserade material i modern arkitektur.<\/p>\n","protected":false},"excerpt":{"rendered":"<div class=\"heading_border\">\n<h2>Features BF-DS2061<\/h2>\n<ul>\n<li>Colour: Caramel<\/li>\n<li>Edges: Micro Bevel<\/li>\n<li>Finish: Unfinished, smooth face<\/li>\n<li>Installation: Fully glued<\/li>\n<li>Length (mm): 1900<\/li>\n<li>Style: High Density\u00ae<\/li>\n<li>Thickness (mm): 18<\/li>\n<li>Width (mm): 160<\/li>\n<\/ul>\n<\/div>\n","protected":false},"featured_media":66,"comment_status":"open","ping_status":"closed","template":"","meta":{"_acf_changed":false},"product_brand":[],"product_cat":[18,19,21,17],"product_tag":[],"class_list":{"0":"post-24","1":"product","2":"type-product","3":"status-publish","4":"has-post-thumbnail","6":"product_cat-decoration","7":"product_cat-ecofloors-decoration","8":"product_cat-interior-decoration","9":"product_cat-moso","11":"first","12":"instock","13":"taxable","14":"shipping-taxable","15":"purchasable","16":"product-type-simple"},"acf":[],"_links":{"self":[{"href":"https:\/\/designingprojectmanagement.com\/staffan\/wp-json\/wp\/v2\/product\/24","targetHints":{"allow":["GET"]}}],"collection":[{"href":"https:\/\/designingprojectmanagement.com\/staffan\/wp-json\/wp\/v2\/product"}],"about":[{"href":"https:\/\/designingprojectmanagement.com\/staffan\/wp-json\/wp\/v2\/types\/product"}],"replies":[{"embeddable":true,"href":"https:\/\/designingprojectmanagement.com\/staffan\/wp-json\/wp\/v2\/comments?post=24"}],"wp:featuredmedia":[{"embeddable":true,"href":"https:\/\/designingprojectmanagement.com\/staffan\/wp-json\/wp\/v2\/media\/66"}],"wp:attachment":[{"href":"https:\/\/designingprojectmanagement.com\/staffan\/wp-json\/wp\/v2\/media?parent=24"}],"wp:term":[{"taxonomy":"product_brand","embeddable":true,"href":"https:\/\/designingprojectmanagement.com\/staffan\/wp-json\/wp\/v2\/product_brand?post=24"},{"taxonomy":"product_cat","embeddable":true,"href":"https:\/\/designingprojectmanagement.com\/staffan\/wp-json\/wp\/v2\/product_cat?post=24"},{"taxonomy":"product_tag","embeddable":true,"href":"https:\/\/designingprojectmanagement.com\/staffan\/wp-json\/wp\/v2\/product_tag?post=24"}],"curies":[{"name":"wp","href":"https:\/\/api.w.org\/{rel}","templated":true}]}}