{"id":22,"date":"2024-09-26T12:06:35","date_gmt":"2024-09-26T12:06:35","guid":{"rendered":"https:\/\/dev.internetmarketingchandigarh.com\/staffan\/?post_type=product&#038;p=22"},"modified":"2024-11-04T11:08:53","modified_gmt":"2024-11-04T11:08:53","slug":"bamboo-solida-high-density-caramel","status":"publish","type":"product","link":"https:\/\/designingprojectmanagement.com\/staffan\/product\/bamboo-solida-high-density-caramel\/","title":{"rendered":"Bamboo Solida  High Density\u00ae Caramel"},"content":{"rendered":"<h1 class=\"content-title\"><strong>Bamboo <\/strong>solida<\/h1>\n<h1>H\u00e5rd som sten<br \/>\nVacker som tr\u00e4<\/h1>\n<h1 class=\"content-title\"><strong>\u00a0<\/strong><\/h1>\n<h3>Natural | Caramel | Quartz white | Onyx beige | Granite grey | Marble white | Topaz brown<\/h3>\n<h2 class=\"subtitle\">L\u00e5nga breda plankor med klickfog<\/h2>\n<div class=\"text\">\n<p>MOSO\u00ae Bambu Solida \u00e4r en bred br\u00e4da med ett utseende som liknar en massiv planka. Den \u00e4r tillverkad i ett lager av det extra h\u00e5rda High Density bamboo och levereras med olika ytbehandlingar f\u00f6r att f\u00e5 den ultimata tr\u00e4k\u00e4nslan. MOSO Bambu Solida har klickfog f\u00f6r att g\u00f6ra installationen s\u00e5 enkel och effektiv som m\u00f6jligt.<\/p>\n<\/div>\n","protected":false},"excerpt":{"rendered":"<div class=\"heading_border\">\n<h2>Features BF-DS260<\/h2>\n<ul>\n<li>Colour: Caramel<\/li>\n<li>Edges: Micro Bevel<\/li>\n<li>Finish: Lacquer<\/li>\n<li>Installation: Floating with click system<\/li>\n<li>Length (mm): 1850<\/li>\n<li>Style: High Density\u00ae<\/li>\n<li>Thickness (mm): 14<\/li>\n<li>Width (mm): 137<\/li>\n<\/ul>\n<\/div>\n","protected":false},"featured_media":52,"comment_status":"open","ping_status":"closed","template":"","meta":{"_acf_changed":false},"product_brand":[],"product_cat":[18,19,17],"product_tag":[],"class_list":{"0":"post-22","1":"product","2":"type-product","3":"status-publish","4":"has-post-thumbnail","6":"product_cat-decoration","7":"product_cat-ecofloors-decoration","8":"product_cat-moso","10":"first","11":"instock","12":"taxable","13":"shipping-taxable","14":"purchasable","15":"product-type-simple"},"acf":[],"_links":{"self":[{"href":"https:\/\/designingprojectmanagement.com\/staffan\/wp-json\/wp\/v2\/product\/22","targetHints":{"allow":["GET"]}}],"collection":[{"href":"https:\/\/designingprojectmanagement.com\/staffan\/wp-json\/wp\/v2\/product"}],"about":[{"href":"https:\/\/designingprojectmanagement.com\/staffan\/wp-json\/wp\/v2\/types\/product"}],"replies":[{"embeddable":true,"href":"https:\/\/designingprojectmanagement.com\/staffan\/wp-json\/wp\/v2\/comments?post=22"}],"wp:featuredmedia":[{"embeddable":true,"href":"https:\/\/designingprojectmanagement.com\/staffan\/wp-json\/wp\/v2\/media\/52"}],"wp:attachment":[{"href":"https:\/\/designingprojectmanagement.com\/staffan\/wp-json\/wp\/v2\/media?parent=22"}],"wp:term":[{"taxonomy":"product_brand","embeddable":true,"href":"https:\/\/designingprojectmanagement.com\/staffan\/wp-json\/wp\/v2\/product_brand?post=22"},{"taxonomy":"product_cat","embeddable":true,"href":"https:\/\/designingprojectmanagement.com\/staffan\/wp-json\/wp\/v2\/product_cat?post=22"},{"taxonomy":"product_tag","embeddable":true,"href":"https:\/\/designingprojectmanagement.com\/staffan\/wp-json\/wp\/v2\/product_tag?post=22"}],"curies":[{"name":"wp","href":"https:\/\/api.w.org\/{rel}","templated":true}]}}