{"id":15,"date":"2024-09-26T12:06:34","date_gmt":"2024-09-26T12:06:34","guid":{"rendered":"https:\/\/dev.internetmarketingchandigarh.com\/staffan\/?post_type=product&#038;p=15"},"modified":"2024-11-04T11:42:27","modified_gmt":"2024-11-04T11:42:27","slug":"bamboo-elite-high-density-caramel","status":"publish","type":"product","link":"https:\/\/designingprojectmanagement.com\/staffan\/product\/bamboo-elite-high-density-caramel\/","title":{"rendered":"Bamboo Elite High Density\u00ae Caramel"},"content":{"rendered":"<p>MOSO\u00ae Bamboo Elite \u00e4r ett golv med relativt breda och l\u00e5nga br\u00e4dor (i j\u00e4mf\u00f6relse med andra golv fr\u00e5n MOSO\u00ae) som \u00e4r tillverkat av tre lager fast bambu, utrustat med en tung sp\u00e5ranslutning. <\/span><\/p>\n<ul>\n<li>Wear layer: <span class=\"discriptionli\">Approx. 5 mm (High Density\u00ae: 3 mm)<\/span><\/li>\n<li>Construction: <span class=\"discriptionli\">3-ply; Middle layer cross; 100% bamboo<\/span><\/li>\n<li>Installation: <span class=\"discriptionli\">Fully glueing on sub floor \/ floating<\/span><\/li>\n<li>Floor heating: <span class=\"discriptionli\">Only if fully glued. Check our conditions<\/span><\/li>\n<li>Maintenance: <span class=\"discriptionli\">BONA maintenance box available<\/span><\/li>\n<\/ul>\n","protected":false},"excerpt":{"rendered":"<h2>Features<\/h2>\n<ul>\n<li>Dimensions: 1830x142x13 mm<\/li>\n<li>Edges:micro bevel (4 sides)<\/li>\n<li>Box content: 6 pcs &#8211; 1,559 m\u00b2 &#8211; ca. 16 kg<\/li>\n<li>Pallet content: 49 boxes &#8211; 76,39 m\u00b2 &#8211; ca. 800 kg<\/li>\n<\/ul>\n","protected":false},"featured_media":45,"comment_status":"open","ping_status":"closed","template":"","meta":{"_acf_changed":false},"product_brand":[],"product_cat":[18,19,17],"product_tag":[],"class_list":{"0":"post-15","1":"product","2":"type-product","3":"status-publish","4":"has-post-thumbnail","6":"product_cat-decoration","7":"product_cat-ecofloors-decoration","8":"product_cat-moso","10":"first","11":"instock","12":"featured","13":"taxable","14":"shipping-taxable","15":"purchasable","16":"product-type-simple"},"acf":[],"_links":{"self":[{"href":"https:\/\/designingprojectmanagement.com\/staffan\/wp-json\/wp\/v2\/product\/15","targetHints":{"allow":["GET"]}}],"collection":[{"href":"https:\/\/designingprojectmanagement.com\/staffan\/wp-json\/wp\/v2\/product"}],"about":[{"href":"https:\/\/designingprojectmanagement.com\/staffan\/wp-json\/wp\/v2\/types\/product"}],"replies":[{"embeddable":true,"href":"https:\/\/designingprojectmanagement.com\/staffan\/wp-json\/wp\/v2\/comments?post=15"}],"wp:featuredmedia":[{"embeddable":true,"href":"https:\/\/designingprojectmanagement.com\/staffan\/wp-json\/wp\/v2\/media\/45"}],"wp:attachment":[{"href":"https:\/\/designingprojectmanagement.com\/staffan\/wp-json\/wp\/v2\/media?parent=15"}],"wp:term":[{"taxonomy":"product_brand","embeddable":true,"href":"https:\/\/designingprojectmanagement.com\/staffan\/wp-json\/wp\/v2\/product_brand?post=15"},{"taxonomy":"product_cat","embeddable":true,"href":"https:\/\/designingprojectmanagement.com\/staffan\/wp-json\/wp\/v2\/product_cat?post=15"},{"taxonomy":"product_tag","embeddable":true,"href":"https:\/\/designingprojectmanagement.com\/staffan\/wp-json\/wp\/v2\/product_tag?post=15"}],"curies":[{"name":"wp","href":"https:\/\/api.w.org\/{rel}","templated":true}]}}